{"id":2034,"date":"2024-02-21T11:19:58","date_gmt":"2024-02-21T10:19:58","guid":{"rendered":"https:\/\/mettaki.com\/terms-of-use\/"},"modified":"2024-03-19T10:17:27","modified_gmt":"2024-03-19T09:17:27","slug":"terms-of-use","status":"publish","type":"page","link":"https:\/\/mettaki.com\/en\/terms-of-use\/","title":{"rendered":"Terms of use"},"content":{"rendered":"\t\t<div data-elementor-type=\"wp-page\" data-elementor-id=\"2034\" class=\"elementor elementor-2034 elementor-1744\">\n\t\t\t\t\t\t<section class=\"elementor-section elementor-top-section elementor-element elementor-element-6bff4f3 overflow-hidden elementor-section-boxed elementor-section-height-default elementor-section-height-default wpr-particle-no wpr-parallax-no wpr-sticky-section-no\" data-id=\"6bff4f3\" data-element_type=\"section\" data-settings=\"{&quot;background_background&quot;:&quot;classic&quot;}\">\n\t\t\t\t\t\t\t<div class=\"elementor-background-overlay\"><\/div>\n\t\t\t\t\t\t\t<div class=\"elementor-container elementor-column-gap-default\">\n\t\t\t\t\t<div class=\"elementor-column elementor-col-100 elementor-top-column elementor-element elementor-element-4b72695\" data-id=\"4b72695\" data-element_type=\"column\">\n\t\t\t<div class=\"elementor-widget-wrap elementor-element-populated\">\n\t\t\t\t\t\t<div class=\"elementor-element elementor-element-c081603 elementor-absolute rotate-center  elementor-widget elementor-widget-image\" data-id=\"c081603\" data-element_type=\"widget\" data-settings=\"{&quot;_position&quot;:&quot;absolute&quot;}\" data-widget_type=\"image.default\">\n\t\t\t\t<div class=\"elementor-widget-container\">\n\t\t\t\t\t\t\t\t\t\t\t\t\t<img fetchpriority=\"high\" decoding=\"async\" width=\"728\" height=\"715\" src=\"https:\/\/mettaki.com\/wp-content\/uploads\/2024\/01\/ORB2.svg\" class=\"attachment-full size-full wp-image-276\" alt=\"\" \/>\t\t\t\t\t\t\t\t\t\t\t\t\t<\/div>\n\t\t\t\t<\/div>\n\t\t\t\t<div class=\"elementor-element elementor-element-469ffe1 elementor-widget elementor-widget-heading\" data-id=\"469ffe1\" data-element_type=\"widget\" data-widget_type=\"heading.default\">\n\t\t\t\t<div class=\"elementor-widget-container\">\n\t\t\t<h1 class=\"elementor-heading-title elementor-size-default\">Terms of use<\/h1>\t\t<\/div>\n\t\t\t\t<\/div>\n\t\t\t\t\t<\/div>\n\t\t<\/div>\n\t\t\t\t\t<\/div>\n\t\t<\/section>\n\t\t\t\t<section class=\"elementor-section elementor-top-section elementor-element elementor-element-5bcc78b elementor-section-boxed elementor-section-height-default elementor-section-height-default wpr-particle-no wpr-jarallax-no wpr-parallax-no wpr-sticky-section-no\" data-id=\"5bcc78b\" data-element_type=\"section\">\n\t\t\t\t\t\t<div class=\"elementor-container elementor-column-gap-default\">\n\t\t\t\t\t<div class=\"elementor-column elementor-col-100 elementor-top-column elementor-element elementor-element-8b743ee\" data-id=\"8b743ee\" data-element_type=\"column\" data-settings=\"{&quot;background_background&quot;:&quot;classic&quot;}\">\n\t\t\t<div class=\"elementor-widget-wrap elementor-element-populated\">\n\t\t\t\t\t\t<div class=\"elementor-element elementor-element-399bf35 elementor-widget elementor-widget-heading\" data-id=\"399bf35\" data-element_type=\"widget\" data-widget_type=\"heading.default\">\n\t\t\t\t<div class=\"elementor-widget-container\">\n\t\t\t<h2 class=\"elementor-heading-title elementor-size-default\">Avant-propos<\/h2>\t\t<\/div>\n\t\t\t\t<\/div>\n\t\t\t\t<div class=\"elementor-element elementor-element-358551f elementor-widget elementor-widget-text-editor\" data-id=\"358551f\" data-element_type=\"widget\" data-widget_type=\"text-editor.default\">\n\t\t\t\t<div class=\"elementor-widget-container\">\n\t\t\t\t\t\t\t<p>Le pr\u00e9sent site, accessible \u00e0 l\u2019URL https:\/\/mettaki.com, est \u00e9dit\u00e9 par : METTAKI, inscrite au le si\u00e8ge social est situ\u00e9 au 1 rue du pr\u00e9 cambon, La Haute Clairi\u00e8re, Bouguenais, 44340, France repr\u00e9sent\u00e9(e) par Richard CASSERON dument habilit\u00e9(e).<\/p>\n\t\t\t\t\t\t<\/div>\n\t\t\t\t<\/div>\n\t\t\t\t<div class=\"elementor-element elementor-element-4e92436 elementor-widget elementor-widget-text-editor\" data-id=\"4e92436\" data-element_type=\"widget\" data-widget_type=\"text-editor.default\">\n\t\t\t\t<div class=\"elementor-widget-container\">\n\t\t\t\t\t\t\t<p>Pour une meilleure navigation sur nos pages web et sur Internet de mani\u00e8re g\u00e9n\u00e9rale, nous vous recommandons de mettre \u00e0 jour les versions de Flash player et de Java sur votre ordinateur. Nous recommandons aussi l\u2019utilisation d\u2019un navigateur Internet r\u00e9cent et optimis\u00e9 tel que <a href=\"https:\/\/www.mozilla.org\/fr\/firefox\/new\/\">Mozilla Firefox<\/a> ou <a href=\"https:\/\/www.google.com\/intl\/fr_fr\/chrome\/\">Google Chrome<\/a> pour l\u2019affichage de certaines pages travaillant avec les derni\u00e8res technologies du d\u00e9veloppement web.<\/p>\n\t\t\t\t\t\t<\/div>\n\t\t\t\t<\/div>\n\t\t\t\t<div class=\"elementor-element elementor-element-1b62a9d elementor-widget elementor-widget-heading\" data-id=\"1b62a9d\" data-element_type=\"widget\" data-widget_type=\"heading.default\">\n\t\t\t\t<div class=\"elementor-widget-container\">\n\t\t\t<h2 class=\"elementor-heading-title elementor-size-default\">Traitement des donn\u00e9es personnelles<\/h2>\t\t<\/div>\n\t\t\t\t<\/div>\n\t\t\t\t<div class=\"elementor-element elementor-element-f2a228b elementor-widget elementor-widget-text-editor\" data-id=\"f2a228b\" data-element_type=\"widget\" data-widget_type=\"text-editor.default\">\n\t\t\t\t<div class=\"elementor-widget-container\">\n\t\t\t\t\t\t\t<p>Les informations recueillies font l\u2019objet d\u2019un traitement informatique destin\u00e9 \u00e0 l\u2019envoi de factures, l\u2019envoi des produits command\u00e9s sur la boutique et \u00e0 la mise en relation avec le client. Le destinataire des donn\u00e9es recueillies est mettaki.com.<\/p>\n\t\t\t\t\t\t<\/div>\n\t\t\t\t<\/div>\n\t\t\t\t<div class=\"elementor-element elementor-element-d4c93cd elementor-widget elementor-widget-text-editor\" data-id=\"d4c93cd\" data-element_type=\"widget\" data-widget_type=\"text-editor.default\">\n\t\t\t\t<div class=\"elementor-widget-container\">\n\t\t\t\t\t\t\t<p>Conform\u00e9ment \u00e0 la loi \u00ab informatique et libert\u00e9s \u00bb du 6 janvier 1978 modifi\u00e9e en 2004, vous b\u00e9n\u00e9ficiez d\u2019un droit d\u2019acc\u00e8s et de rectification aux informations qui vous concernent, que vous pouvez exercer en nous contactant via notre <a href=\"https:\/\/mettaki.com\/en\/contact\/\">formulaire de contact<\/a>.<\/p>\n\t\t\t\t\t\t<\/div>\n\t\t\t\t<\/div>\n\t\t\t\t<div class=\"elementor-element elementor-element-40df437 elementor-widget elementor-widget-text-editor\" data-id=\"40df437\" data-element_type=\"widget\" data-widget_type=\"text-editor.default\">\n\t\t\t\t<div class=\"elementor-widget-container\">\n\t\t\t\t\t\t\t<p>Vous pouvez \u00e9galement, pour des motifs l\u00e9gitimes, vous opposer au traitement des donn\u00e9es vous concernant.<\/p>\n\t\t\t\t\t\t<\/div>\n\t\t\t\t<\/div>\n\t\t\t\t<div class=\"elementor-element elementor-element-c0b6eee elementor-widget elementor-widget-heading\" data-id=\"c0b6eee\" data-element_type=\"widget\" data-widget_type=\"heading.default\">\n\t\t\t\t<div class=\"elementor-widget-container\">\n\t\t\t<h2 class=\"elementor-heading-title elementor-size-default\">Clause de non-responsabilit\u00e9<\/h2>\t\t<\/div>\n\t\t\t\t<\/div>\n\t\t\t\t<div class=\"elementor-element elementor-element-e3c9ed9 elementor-widget elementor-widget-text-editor\" data-id=\"e3c9ed9\" data-element_type=\"widget\" data-widget_type=\"text-editor.default\">\n\t\t\t\t<div class=\"elementor-widget-container\">\n\t\t\t\t\t\t\t<p>Le site mettaki.com peut proposer des liens vers d\u2019autres sites. Ces pages web dont les adresses sont r\u00e9guli\u00e8rement v\u00e9rifi\u00e9es ne font pas partie du site mettaki.com et n\u2019engagent pas la responsabilit\u00e9 du directeur de la publication quant au contenu de ces sites.<\/p>\n\t\t\t\t\t\t<\/div>\n\t\t\t\t<\/div>\n\t\t\t\t<div class=\"elementor-element elementor-element-2c09b5f elementor-widget elementor-widget-text-editor\" data-id=\"2c09b5f\" data-element_type=\"widget\" data-widget_type=\"text-editor.default\">\n\t\t\t\t<div class=\"elementor-widget-container\">\n\t\t\t\t\t\t\t<p>Il appartient \u00e0 l\u2019utilisateur du pr\u00e9sent site de prendre toutes les mesures appropri\u00e9es de fa\u00e7on \u00e0 prot\u00e9ger ses propres donn\u00e9es et\/ou logiciels de la contamination par d\u2019\u00e9ventuels virus circulant sur le r\u00e9seau Internet. De mani\u00e8re g\u00e9n\u00e9rale, mettaki.com d\u00e9cline toute responsabilit\u00e9 \u00e0 un \u00e9ventuel dommage survenu pendant la consultation du pr\u00e9sent site.<\/p>\n\t\t\t\t\t\t<\/div>\n\t\t\t\t<\/div>\n\t\t\t\t<div class=\"elementor-element elementor-element-a2f6618 elementor-widget elementor-widget-heading\" data-id=\"a2f6618\" data-element_type=\"widget\" data-widget_type=\"heading.default\">\n\t\t\t\t<div class=\"elementor-widget-container\">\n\t\t\t<h2 class=\"elementor-heading-title elementor-size-default\">Droits d\u2019auteur &amp; copyright<\/h2>\t\t<\/div>\n\t\t\t\t<\/div>\n\t\t\t\t<div class=\"elementor-element elementor-element-3df9311 elementor-widget elementor-widget-text-editor\" data-id=\"3df9311\" data-element_type=\"widget\" data-widget_type=\"text-editor.default\">\n\t\t\t\t<div class=\"elementor-widget-container\">\n\t\t\t\t\t\t\t<p>La reproduction de tout ou partie de ce site sur un support \u00e9lectronique quel qu\u2019il soit est formellement interdite, sauf autorisation expresse du directeur de la publication. Toutes les marques cit\u00e9es appartiennent \u00e0 leurs compagnies respectives. Toutes les affiches, les logos, et les images cit\u00e9s dans ces pages sont la propri\u00e9t\u00e9 de leur marque respective. Les articles sont la propri\u00e9t\u00e9 de leurs auteurs.<\/p>\n\t\t\t\t\t\t<\/div>\n\t\t\t\t<\/div>\n\t\t\t\t<div class=\"elementor-element elementor-element-06133dc elementor-widget elementor-widget-heading\" data-id=\"06133dc\" data-element_type=\"widget\" data-widget_type=\"heading.default\">\n\t\t\t\t<div class=\"elementor-widget-container\">\n\t\t\t<h2 class=\"elementor-heading-title elementor-size-default\">H\u00e9bergement<\/h2>\t\t<\/div>\n\t\t\t\t<\/div>\n\t\t\t\t<div class=\"elementor-element elementor-element-6801755 elementor-widget elementor-widget-text-editor\" data-id=\"6801755\" data-element_type=\"widget\" data-widget_type=\"text-editor.default\">\n\t\t\t\t<div class=\"elementor-widget-container\">\n\t\t\t\t\t\t\t<p>Hostinger<br \/>61 Lordou Vironos st. 6023 Larnaca,<br \/>Cyprus<br \/><a href=\"http:\/\/www.hostinger.fr\">www.hostinger.fr<\/a><\/p>\n\t\t\t\t\t\t<\/div>\n\t\t\t\t<\/div>\n\t\t\t\t\t<\/div>\n\t\t<\/div>\n\t\t\t\t\t<\/div>\n\t\t<\/section>\n\t\t\t\t<\/div>\n\t\t","protected":false},"excerpt":{"rendered":"<p>Terms of use Avant-propos Le pr\u00e9sent site, accessible \u00e0 l\u2019URL https:\/\/mettaki.com, est \u00e9dit\u00e9 par : METTAKI, inscrite au le si\u00e8ge social est situ\u00e9 au 1 rue du pr\u00e9 cambon, La Haute Clairi\u00e8re, Bouguenais, 44340, France repr\u00e9sent\u00e9(e) par Richard CASSERON dument habilit\u00e9(e). Pour une meilleure navigation sur nos pages web et sur Internet de mani\u00e8re g\u00e9n\u00e9rale, nous vous recommandons de mettre \u00e0 jour les versions de Flash player et de Java sur votre ordinateur. Nous recommandons aussi l\u2019utilisation d\u2019un navigateur Internet r\u00e9cent et optimis\u00e9 tel que Mozilla Firefox ou Google Chrome pour l\u2019affichage de certaines pages travaillant avec les derni\u00e8res technologies du d\u00e9veloppement web. Traitement des donn\u00e9es personnelles Les informations recueillies font l\u2019objet d\u2019un traitement informatique destin\u00e9 \u00e0 l\u2019envoi de factures, l\u2019envoi des produits command\u00e9s sur la boutique et \u00e0 la mise en relation avec le client. Le destinataire des donn\u00e9es recueillies est mettaki.com. Conform\u00e9ment \u00e0 la loi \u00ab informatique et libert\u00e9s \u00bb du 6 janvier 1978 modifi\u00e9e en 2004, vous b\u00e9n\u00e9ficiez d\u2019un droit d\u2019acc\u00e8s et de rectification aux informations qui vous concernent, que vous pouvez exercer en nous contactant via notre formulaire de contact. Vous pouvez \u00e9galement, pour des motifs l\u00e9gitimes, vous opposer au traitement des donn\u00e9es vous concernant. Clause de non-responsabilit\u00e9 Le site mettaki.com peut proposer des liens vers d\u2019autres sites. Ces pages web dont les adresses sont r\u00e9guli\u00e8rement v\u00e9rifi\u00e9es ne font pas partie du site mettaki.com et n\u2019engagent pas la responsabilit\u00e9 du directeur de la publication quant au contenu de ces sites. Il appartient \u00e0 l\u2019utilisateur du pr\u00e9sent site de prendre toutes les mesures appropri\u00e9es de fa\u00e7on \u00e0 prot\u00e9ger ses propres donn\u00e9es et\/ou logiciels de la contamination par d\u2019\u00e9ventuels virus circulant sur le r\u00e9seau Internet. De mani\u00e8re g\u00e9n\u00e9rale, mettaki.com d\u00e9cline toute responsabilit\u00e9 \u00e0 un \u00e9ventuel dommage survenu pendant la consultation du pr\u00e9sent site. Droits d\u2019auteur &amp; copyright La reproduction de tout ou partie de ce site sur un support \u00e9lectronique quel qu\u2019il soit est formellement interdite, sauf autorisation expresse du directeur de la publication. Toutes les marques cit\u00e9es appartiennent \u00e0 leurs compagnies respectives. Toutes les affiches, les logos, et les images cit\u00e9s dans ces pages sont la propri\u00e9t\u00e9 de leur marque respective. Les articles sont la propri\u00e9t\u00e9 de leurs auteurs. H\u00e9bergement Hostinger61 Lordou Vironos st. 6023 Larnaca,Cypruswww.hostinger.fr<\/p>\n","protected":false},"author":1,"featured_media":0,"parent":0,"menu_order":0,"comment_status":"closed","ping_status":"closed","template":"","meta":{"footnotes":""},"yoast_head":"<!-- This site is optimized with the Yoast SEO plugin v22.3 - https:\/\/yoast.com\/wordpress\/plugins\/seo\/ -->\n<title>Terms of use - Metta-ki<\/title>\n<meta name=\"robots\" content=\"index, follow, max-snippet:-1, max-image-preview:large, max-video-preview:-1\" \/>\n<link rel=\"canonical\" href=\"https:\/\/mettaki.com\/mentions-legales\/\" \/>\n<meta property=\"og:locale\" content=\"en_US\" \/>\n<meta property=\"og:type\" content=\"article\" \/>\n<meta property=\"og:title\" content=\"Terms of use - Metta-ki\" \/>\n<meta property=\"og:description\" content=\"Terms of use Avant-propos Le pr\u00e9sent site, accessible \u00e0 l\u2019URL https:\/\/mettaki.com, est \u00e9dit\u00e9 par : METTAKI, inscrite au le si\u00e8ge social est situ\u00e9 au 1 rue du pr\u00e9 cambon, La Haute Clairi\u00e8re, Bouguenais, 44340, France repr\u00e9sent\u00e9(e) par Richard CASSERON dument habilit\u00e9(e). Pour une meilleure navigation sur nos pages web et sur Internet de mani\u00e8re g\u00e9n\u00e9rale, nous vous recommandons de mettre \u00e0 jour les versions de Flash player et de Java sur votre ordinateur. Nous recommandons aussi l\u2019utilisation d\u2019un navigateur Internet r\u00e9cent et optimis\u00e9 tel que Mozilla Firefox ou Google Chrome pour l\u2019affichage de certaines pages travaillant avec les derni\u00e8res technologies du d\u00e9veloppement web. Traitement des donn\u00e9es personnelles Les informations recueillies font l\u2019objet d\u2019un traitement informatique destin\u00e9 \u00e0 l\u2019envoi de factures, l\u2019envoi des produits command\u00e9s sur la boutique et \u00e0 la mise en relation avec le client. Le destinataire des donn\u00e9es recueillies est mettaki.com. Conform\u00e9ment \u00e0 la loi \u00ab informatique et libert\u00e9s \u00bb du 6 janvier 1978 modifi\u00e9e en 2004, vous b\u00e9n\u00e9ficiez d\u2019un droit d\u2019acc\u00e8s et de rectification aux informations qui vous concernent, que vous pouvez exercer en nous contactant via notre formulaire de contact. Vous pouvez \u00e9galement, pour des motifs l\u00e9gitimes, vous opposer au traitement des donn\u00e9es vous concernant. Clause de non-responsabilit\u00e9 Le site mettaki.com peut proposer des liens vers d\u2019autres sites. Ces pages web dont les adresses sont r\u00e9guli\u00e8rement v\u00e9rifi\u00e9es ne font pas partie du site mettaki.com et n\u2019engagent pas la responsabilit\u00e9 du directeur de la publication quant au contenu de ces sites. Il appartient \u00e0 l\u2019utilisateur du pr\u00e9sent site de prendre toutes les mesures appropri\u00e9es de fa\u00e7on \u00e0 prot\u00e9ger ses propres donn\u00e9es et\/ou logiciels de la contamination par d\u2019\u00e9ventuels virus circulant sur le r\u00e9seau Internet. De mani\u00e8re g\u00e9n\u00e9rale, mettaki.com d\u00e9cline toute responsabilit\u00e9 \u00e0 un \u00e9ventuel dommage survenu pendant la consultation du pr\u00e9sent site. Droits d\u2019auteur &amp; copyright La reproduction de tout ou partie de ce site sur un support \u00e9lectronique quel qu\u2019il soit est formellement interdite, sauf autorisation expresse du directeur de la publication. Toutes les marques cit\u00e9es appartiennent \u00e0 leurs compagnies respectives. Toutes les affiches, les logos, et les images cit\u00e9s dans ces pages sont la propri\u00e9t\u00e9 de leur marque respective. Les articles sont la propri\u00e9t\u00e9 de leurs auteurs. H\u00e9bergement Hostinger61 Lordou Vironos st. 6023 Larnaca,Cypruswww.hostinger.fr\" \/>\n<meta property=\"og:url\" content=\"https:\/\/mettaki.com\/mentions-legales\/\" \/>\n<meta property=\"og:site_name\" content=\"Metta-ki\" \/>\n<meta property=\"article:modified_time\" content=\"2024-03-19T09:17:27+00:00\" \/>\n<meta property=\"og:image\" content=\"https:\/\/mettaki.com\/wp-content\/uploads\/2024\/01\/ORB2.svg\" \/>\n<meta name=\"twitter:card\" content=\"summary_large_image\" \/>\n<meta name=\"twitter:label1\" content=\"Est. reading time\" \/>\n\t<meta name=\"twitter:data1\" content=\"2 minutes\" \/>\n<script type=\"application\/ld+json\" class=\"yoast-schema-graph\">{\"@context\":\"https:\/\/schema.org\",\"@graph\":[{\"@type\":\"WebPage\",\"@id\":\"https:\/\/mettaki.com\/mentions-legales\/\",\"url\":\"https:\/\/mettaki.com\/mentions-legales\/\",\"name\":\"Terms of use - Metta-ki\",\"isPartOf\":{\"@id\":\"https:\/\/mettaki.com\/#website\"},\"primaryImageOfPage\":{\"@id\":\"https:\/\/mettaki.com\/mentions-legales\/#primaryimage\"},\"image\":{\"@id\":\"https:\/\/mettaki.com\/mentions-legales\/#primaryimage\"},\"thumbnailUrl\":\"https:\/\/mettaki.com\/wp-content\/uploads\/2024\/01\/ORB2.svg\",\"datePublished\":\"2024-02-21T10:19:58+00:00\",\"dateModified\":\"2024-03-19T09:17:27+00:00\",\"breadcrumb\":{\"@id\":\"https:\/\/mettaki.com\/mentions-legales\/#breadcrumb\"},\"inLanguage\":\"en-US\",\"potentialAction\":[{\"@type\":\"ReadAction\",\"target\":[\"https:\/\/mettaki.com\/mentions-legales\/\"]}]},{\"@type\":\"ImageObject\",\"inLanguage\":\"en-US\",\"@id\":\"https:\/\/mettaki.com\/mentions-legales\/#primaryimage\",\"url\":\"https:\/\/mettaki.com\/wp-content\/uploads\/2024\/01\/ORB2.svg\",\"contentUrl\":\"https:\/\/mettaki.com\/wp-content\/uploads\/2024\/01\/ORB2.svg\",\"width\":728,\"height\":715},{\"@type\":\"BreadcrumbList\",\"@id\":\"https:\/\/mettaki.com\/mentions-legales\/#breadcrumb\",\"itemListElement\":[{\"@type\":\"ListItem\",\"position\":1,\"name\":\"Accueil\",\"item\":\"https:\/\/mettaki.com\/en\/\"},{\"@type\":\"ListItem\",\"position\":2,\"name\":\"Terms of use\"}]},{\"@type\":\"WebSite\",\"@id\":\"https:\/\/mettaki.com\/#website\",\"url\":\"https:\/\/mettaki.com\/\",\"name\":\"Metta-ki\",\"description\":\"\",\"potentialAction\":[{\"@type\":\"SearchAction\",\"target\":{\"@type\":\"EntryPoint\",\"urlTemplate\":\"https:\/\/mettaki.com\/?s={search_term_string}\"},\"query-input\":\"required name=search_term_string\"}],\"inLanguage\":\"en-US\"}]}<\/script>\n<!-- \/ Yoast SEO plugin. -->","yoast_head_json":{"title":"Terms of use - Metta-ki","robots":{"index":"index","follow":"follow","max-snippet":"max-snippet:-1","max-image-preview":"max-image-preview:large","max-video-preview":"max-video-preview:-1"},"canonical":"https:\/\/mettaki.com\/mentions-legales\/","og_locale":"en_US","og_type":"article","og_title":"Terms of use - Metta-ki","og_description":"Terms of use Avant-propos Le pr\u00e9sent site, accessible \u00e0 l\u2019URL https:\/\/mettaki.com, est \u00e9dit\u00e9 par : METTAKI, inscrite au le si\u00e8ge social est situ\u00e9 au 1 rue du pr\u00e9 cambon, La Haute Clairi\u00e8re, Bouguenais, 44340, France repr\u00e9sent\u00e9(e) par Richard CASSERON dument habilit\u00e9(e). Pour une meilleure navigation sur nos pages web et sur Internet de mani\u00e8re g\u00e9n\u00e9rale, nous vous recommandons de mettre \u00e0 jour les versions de Flash player et de Java sur votre ordinateur. Nous recommandons aussi l\u2019utilisation d\u2019un navigateur Internet r\u00e9cent et optimis\u00e9 tel que Mozilla Firefox ou Google Chrome pour l\u2019affichage de certaines pages travaillant avec les derni\u00e8res technologies du d\u00e9veloppement web. Traitement des donn\u00e9es personnelles Les informations recueillies font l\u2019objet d\u2019un traitement informatique destin\u00e9 \u00e0 l\u2019envoi de factures, l\u2019envoi des produits command\u00e9s sur la boutique et \u00e0 la mise en relation avec le client. Le destinataire des donn\u00e9es recueillies est mettaki.com. Conform\u00e9ment \u00e0 la loi \u00ab informatique et libert\u00e9s \u00bb du 6 janvier 1978 modifi\u00e9e en 2004, vous b\u00e9n\u00e9ficiez d\u2019un droit d\u2019acc\u00e8s et de rectification aux informations qui vous concernent, que vous pouvez exercer en nous contactant via notre formulaire de contact. Vous pouvez \u00e9galement, pour des motifs l\u00e9gitimes, vous opposer au traitement des donn\u00e9es vous concernant. Clause de non-responsabilit\u00e9 Le site mettaki.com peut proposer des liens vers d\u2019autres sites. Ces pages web dont les adresses sont r\u00e9guli\u00e8rement v\u00e9rifi\u00e9es ne font pas partie du site mettaki.com et n\u2019engagent pas la responsabilit\u00e9 du directeur de la publication quant au contenu de ces sites. Il appartient \u00e0 l\u2019utilisateur du pr\u00e9sent site de prendre toutes les mesures appropri\u00e9es de fa\u00e7on \u00e0 prot\u00e9ger ses propres donn\u00e9es et\/ou logiciels de la contamination par d\u2019\u00e9ventuels virus circulant sur le r\u00e9seau Internet. De mani\u00e8re g\u00e9n\u00e9rale, mettaki.com d\u00e9cline toute responsabilit\u00e9 \u00e0 un \u00e9ventuel dommage survenu pendant la consultation du pr\u00e9sent site. Droits d\u2019auteur &amp; copyright La reproduction de tout ou partie de ce site sur un support \u00e9lectronique quel qu\u2019il soit est formellement interdite, sauf autorisation expresse du directeur de la publication. Toutes les marques cit\u00e9es appartiennent \u00e0 leurs compagnies respectives. Toutes les affiches, les logos, et les images cit\u00e9s dans ces pages sont la propri\u00e9t\u00e9 de leur marque respective. Les articles sont la propri\u00e9t\u00e9 de leurs auteurs. H\u00e9bergement Hostinger61 Lordou Vironos st. 6023 Larnaca,Cypruswww.hostinger.fr","og_url":"https:\/\/mettaki.com\/mentions-legales\/","og_site_name":"Metta-ki","article_modified_time":"2024-03-19T09:17:27+00:00","og_image":[{"url":"https:\/\/mettaki.com\/wp-content\/uploads\/2024\/01\/ORB2.svg"}],"twitter_card":"summary_large_image","twitter_misc":{"Est. reading time":"2 minutes"},"schema":{"@context":"https:\/\/schema.org","@graph":[{"@type":"WebPage","@id":"https:\/\/mettaki.com\/mentions-legales\/","url":"https:\/\/mettaki.com\/mentions-legales\/","name":"Terms of use - Metta-ki","isPartOf":{"@id":"https:\/\/mettaki.com\/#website"},"primaryImageOfPage":{"@id":"https:\/\/mettaki.com\/mentions-legales\/#primaryimage"},"image":{"@id":"https:\/\/mettaki.com\/mentions-legales\/#primaryimage"},"thumbnailUrl":"https:\/\/mettaki.com\/wp-content\/uploads\/2024\/01\/ORB2.svg","datePublished":"2024-02-21T10:19:58+00:00","dateModified":"2024-03-19T09:17:27+00:00","breadcrumb":{"@id":"https:\/\/mettaki.com\/mentions-legales\/#breadcrumb"},"inLanguage":"en-US","potentialAction":[{"@type":"ReadAction","target":["https:\/\/mettaki.com\/mentions-legales\/"]}]},{"@type":"ImageObject","inLanguage":"en-US","@id":"https:\/\/mettaki.com\/mentions-legales\/#primaryimage","url":"https:\/\/mettaki.com\/wp-content\/uploads\/2024\/01\/ORB2.svg","contentUrl":"https:\/\/mettaki.com\/wp-content\/uploads\/2024\/01\/ORB2.svg","width":728,"height":715},{"@type":"BreadcrumbList","@id":"https:\/\/mettaki.com\/mentions-legales\/#breadcrumb","itemListElement":[{"@type":"ListItem","position":1,"name":"Accueil","item":"https:\/\/mettaki.com\/en\/"},{"@type":"ListItem","position":2,"name":"Terms of use"}]},{"@type":"WebSite","@id":"https:\/\/mettaki.com\/#website","url":"https:\/\/mettaki.com\/","name":"Metta-ki","description":"","potentialAction":[{"@type":"SearchAction","target":{"@type":"EntryPoint","urlTemplate":"https:\/\/mettaki.com\/?s={search_term_string}"},"query-input":"required name=search_term_string"}],"inLanguage":"en-US"}]}},"_links":{"self":[{"href":"https:\/\/mettaki.com\/en\/wp-json\/wp\/v2\/pages\/2034"}],"collection":[{"href":"https:\/\/mettaki.com\/en\/wp-json\/wp\/v2\/pages"}],"about":[{"href":"https:\/\/mettaki.com\/en\/wp-json\/wp\/v2\/types\/page"}],"author":[{"embeddable":true,"href":"https:\/\/mettaki.com\/en\/wp-json\/wp\/v2\/users\/1"}],"replies":[{"embeddable":true,"href":"https:\/\/mettaki.com\/en\/wp-json\/wp\/v2\/comments?post=2034"}],"version-history":[{"count":2,"href":"https:\/\/mettaki.com\/en\/wp-json\/wp\/v2\/pages\/2034\/revisions"}],"predecessor-version":[{"id":2603,"href":"https:\/\/mettaki.com\/en\/wp-json\/wp\/v2\/pages\/2034\/revisions\/2603"}],"wp:attachment":[{"href":"https:\/\/mettaki.com\/en\/wp-json\/wp\/v2\/media?parent=2034"}],"curies":[{"name":"wp","href":"https:\/\/api.w.org\/{rel}","templated":true}]}}